{"id":1570,"date":"2019-12-07T16:39:31","date_gmt":"2019-12-07T09:39:31","guid":{"rendered":"http:\/\/authstore.vn\/?product=import-placeholder-for-168"},"modified":"2021-09-23T21:37:23","modified_gmt":"2021-09-23T14:37:23","slug":"tom-clancys-ghost-recon-wildlands","status":"publish","type":"product","link":"https:\/\/authstore.vn\/?product=tom-clancys-ghost-recon-wildlands","title":{"rendered":"Tom Clancy&#8217;s Ghost Recon Wildlands"},"content":{"rendered":"<p>\u0110\u0128A NEW 100% &#8211; NGUY\u00caN SEAL &#8211; H\u1ec6 US<\/p>\n","protected":false},"excerpt":{"rendered":"<p>\u0110\u0128A NEW 100% &#8211; NGUY\u00caN SEAL &#8211; H\u1ec6 US<\/p>\n","protected":false},"featured_media":3517,"template":"","meta":{"advanced_seo_description":"","jetpack_seo_html_title":"","jetpack_seo_noindex":false},"product_brand":[],"product_cat":[37],"product_tag":[103,104,109,105,106,108,107],"class_list":{"0":"post-1570","1":"product","2":"type-product","3":"status-publish","4":"has-post-thumbnail","6":"product_cat-dia-playstation-4","7":"product_tag-dia","8":"product_tag-game","9":"product_tag-playstation","10":"product_tag-playstation-4","11":"product_tag-ps4","12":"product_tag-sony","13":"product_tag-us","15":"first","16":"instock","17":"shipping-taxable","18":"purchasable","19":"product-type-simple"},"jetpack_sharing_enabled":true,"_links":{"self":[{"href":"https:\/\/authstore.vn\/index.php?rest_route=\/wp\/v2\/product\/1570","targetHints":{"allow":["GET"]}}],"collection":[{"href":"https:\/\/authstore.vn\/index.php?rest_route=\/wp\/v2\/product"}],"about":[{"href":"https:\/\/authstore.vn\/index.php?rest_route=\/wp\/v2\/types\/product"}],"wp:featuredmedia":[{"embeddable":true,"href":"https:\/\/authstore.vn\/index.php?rest_route=\/wp\/v2\/media\/3517"}],"wp:attachment":[{"href":"https:\/\/authstore.vn\/index.php?rest_route=%2Fwp%2Fv2%2Fmedia&parent=1570"}],"wp:term":[{"taxonomy":"product_brand","embeddable":true,"href":"https:\/\/authstore.vn\/index.php?rest_route=%2Fwp%2Fv2%2Fproduct_brand&post=1570"},{"taxonomy":"product_cat","embeddable":true,"href":"https:\/\/authstore.vn\/index.php?rest_route=%2Fwp%2Fv2%2Fproduct_cat&post=1570"},{"taxonomy":"product_tag","embeddable":true,"href":"https:\/\/authstore.vn\/index.php?rest_route=%2Fwp%2Fv2%2Fproduct_tag&post=1570"}],"curies":[{"name":"wp","href":"https:\/\/api.w.org\/{rel}","templated":true}]}}