{"id":2949,"date":"2020-06-10T13:58:17","date_gmt":"2020-06-10T06:58:17","guid":{"rendered":"http:\/\/authstore.vn\/?post_type=product&#038;p=2949"},"modified":"2022-04-22T11:42:54","modified_gmt":"2022-04-22T04:42:54","slug":"final-fantasy-xii-the-zodiac-age-2","status":"publish","type":"product","link":"https:\/\/authstore.vn\/?product=final-fantasy-xii-the-zodiac-age-2","title":{"rendered":"Final Fantasy XII The Zodiac Age"},"content":{"rendered":"<p>T\u00ecnh tr\u1ea1ng s\u1ea3n ph\u1ea9m: M\u1edbi 100% &#8211; nguy\u00ean seal &#8211; h\u1ec7 US<br \/>\n&#8212;&#8212;&#8212;&#8212;&#8212;&#8212;&#8211;<br \/>\nFinal Fantasy XII l\u00e0 m\u1ed9t tr\u00f2 ch\u01a1i \u0111i\u1ec7n t\u1eed nh\u1eadp vai \u0111\u01b0\u1ee3c ph\u00e1t tri\u1ec3n v\u00e0 ph\u00e1t h\u00e0nh b\u1edfi Square Enix. Ph\u1ea7n ch\u00ednh th\u1ee9 m\u01b0\u1eddi hai c\u1ee7a series Final Fantasy, n\u00f3 \u0111\u01b0\u1ee3c ph\u00e1t h\u00e0nh l\u1ea7n \u0111\u1ea7u ti\u00ean cho PlayStation 2 v\u00e0o n\u0103m 2006.<\/p>\n<p>Ng\u00e0y ph\u00e1t h\u00e0nh \u0111\u1ea7u ti\u00ean: 16 th\u00e1ng 3 n\u0103m 2006<br \/>\nNh\u00e0 ph\u00e1t tri\u1ec3n: Square Enix<br \/>\nCh\u1ebf \u0111\u1ed9: Tr\u00f2 ch\u01a1i \u0111i\u1ec7n t\u1eed m\u1ed9t ng\u01b0\u1eddi ch\u01a1i<br \/>\nS\u00e1ng t\u00e1c: Hitoshi Sakimoto, Hayato Matsuo, Masaharu Iwata<br \/>\nNh\u00e0 thi\u1ebft k\u1ebf: Yasumi Matsuno, Akihiko Yoshida, Yoshitaka Amano, TH\u00caM<br \/>\nSeries: Final Fantasy, Ivalice Alliance<br \/>\nN\u1ec1n t\u1ea3ng: Nintendo Switch, PlayStation 2, PlayStation 4, Xbox One, Microsoft Windows<\/p>\n","protected":false},"excerpt":{"rendered":"<p>T\u00ecnh tr\u1ea1ng s\u1ea3n ph\u1ea9m: M\u1edbi 100% &#8211; nguy\u00ean seal &#8211; h\u1ec7 US<br \/>\n&#8212;&#8212;&#8212;&#8212;&#8212;&#8212;&#8211;<br \/>\nFinal Fantasy XII l\u00e0 m\u1ed9t tr\u00f2 ch\u01a1i \u0111i\u1ec7n t\u1eed nh\u1eadp vai \u0111\u01b0\u1ee3c ph\u00e1t tri\u1ec3n v\u00e0 ph\u00e1t h\u00e0nh b\u1edfi Square Enix. Ph\u1ea7n ch\u00ednh th\u1ee9 m\u01b0\u1eddi hai c\u1ee7a series Final Fantasy, n\u00f3 \u0111\u01b0\u1ee3c ph\u00e1t h\u00e0nh l\u1ea7n \u0111\u1ea7u ti\u00ean cho PlayStation 2 v\u00e0o n\u0103m 2006.<\/p>\n<p>Ng\u00e0y ph\u00e1t h\u00e0nh \u0111\u1ea7u ti\u00ean: 16 th\u00e1ng 3 n\u0103m 2006<br \/>\nNh\u00e0 ph\u00e1t tri\u1ec3n: Square Enix<br \/>\nCh\u1ebf \u0111\u1ed9: Tr\u00f2 ch\u01a1i \u0111i\u1ec7n t\u1eed m\u1ed9t ng\u01b0\u1eddi ch\u01a1i<br \/>\nS\u00e1ng t\u00e1c: Hitoshi Sakimoto, Hayato Matsuo, Masaharu Iwata<br \/>\nNh\u00e0 thi\u1ebft k\u1ebf: Yasumi Matsuno, Akihiko Yoshida, Yoshitaka Amano, TH\u00caM<br \/>\nSeries: Final Fantasy, Ivalice Alliance<br \/>\nN\u1ec1n t\u1ea3ng: Nintendo Switch, PlayStation 2, PlayStation 4, Xbox One, Microsoft Windows<\/p>\n","protected":false},"featured_media":2952,"template":"","meta":{"advanced_seo_description":"","jetpack_seo_html_title":"","jetpack_seo_noindex":false},"product_brand":[],"product_cat":[112],"product_tag":[104,115,114,116,107],"class_list":{"0":"post-2949","1":"product","2":"type-product","3":"status-publish","4":"has-post-thumbnail","6":"product_cat-game-nintendo-switch","7":"product_tag-game","8":"product_tag-nintendo","9":"product_tag-nintendo-switch","10":"product_tag-switch","11":"product_tag-us","13":"first","14":"instock","15":"sale","16":"shipping-taxable","17":"purchasable","18":"product-type-simple"},"jetpack_sharing_enabled":true,"_links":{"self":[{"href":"https:\/\/authstore.vn\/index.php?rest_route=\/wp\/v2\/product\/2949","targetHints":{"allow":["GET"]}}],"collection":[{"href":"https:\/\/authstore.vn\/index.php?rest_route=\/wp\/v2\/product"}],"about":[{"href":"https:\/\/authstore.vn\/index.php?rest_route=\/wp\/v2\/types\/product"}],"wp:featuredmedia":[{"embeddable":true,"href":"https:\/\/authstore.vn\/index.php?rest_route=\/wp\/v2\/media\/2952"}],"wp:attachment":[{"href":"https:\/\/authstore.vn\/index.php?rest_route=%2Fwp%2Fv2%2Fmedia&parent=2949"}],"wp:term":[{"taxonomy":"product_brand","embeddable":true,"href":"https:\/\/authstore.vn\/index.php?rest_route=%2Fwp%2Fv2%2Fproduct_brand&post=2949"},{"taxonomy":"product_cat","embeddable":true,"href":"https:\/\/authstore.vn\/index.php?rest_route=%2Fwp%2Fv2%2Fproduct_cat&post=2949"},{"taxonomy":"product_tag","embeddable":true,"href":"https:\/\/authstore.vn\/index.php?rest_route=%2Fwp%2Fv2%2Fproduct_tag&post=2949"}],"curies":[{"name":"wp","href":"https:\/\/api.w.org\/{rel}","templated":true}]}}