{"id":6935,"date":"2024-10-02T10:44:38","date_gmt":"2024-10-02T03:44:38","guid":{"rendered":"https:\/\/authstore.vn\/?post_type=product&#038;p=6935"},"modified":"2025-02-27T17:39:27","modified_gmt":"2025-02-27T10:39:27","slug":"ratchet-clank-rift-apart","status":"publish","type":"product","link":"https:\/\/authstore.vn\/?product=ratchet-clank-rift-apart","title":{"rendered":"Ratchet &#038; Clank Rift Apart"},"content":{"rendered":"<p>T\u00ecnh tr\u1ea1ng s\u1ea3n ph\u1ea9m: M\u1edbi 100% &#8211; nguy\u00ean seal &#8211; h\u1ec7 US<br \/>\n&#8212;&#8212;&#8212;&#8212;&#8212;&#8212;&#8211;<br \/>\nRatchet &#038; Clank: Rift Apart l\u00e0 m\u1ed9t tr\u00f2 ch\u01a1i b\u1eafn s\u00fang g\u00f3c nh\u00ecn th\u1ee9 ba tr\u00ean n\u1ec1n t\u1ea3ng n\u0103m 2021 do Insomniac Games ph\u00e1t tri\u1ec3n v\u00e0 Sony Interactive Entertainment ph\u00e1t h\u00e0nh. Ph\u1ea7n ti\u1ebfp theo c\u1ee7a Ratchet &#038; Clank: Into the Nexus v\u00e0 l\u00e0 ph\u1ea7n ch\u00ednh th\u1ee9 ch\u00edn trong lo\u1ea1t Ratchet &#038; Clank, tr\u00f2 ch\u01a1i \u0111\u01b0\u1ee3c ph\u00e1t h\u00e0nh cho PlayStation 5 v\u00e0o ng\u00e0y 11 th\u00e1ng 6 n\u0103m 2021.<\/p>\n<p>N\u1ec1n t\u1ea3ng: PlayStation 5, Microsoft Windows<br \/>\nNg\u00e0y ph\u00e1t h\u00e0nh ban \u0111\u1ea7u: 11 th\u00e1ng 6 n\u0103m 2021<br \/>\nGi\u1ea3i th\u01b0\u1edfng: Gi\u1ea3i Annie cho Th\u00e0nh t\u1ef1u xu\u1ea5t s\u1eafc v\u1ec1 Ho\u1ea1t h\u00ecnh nh\u00e2n v\u1eadt trong Tr\u00f2 ch\u01a1i \u0111i\u1ec7n t\u1eed \u00b7 Xem th\u00eam<br \/>\n\u0110\u1ec1 c\u1eed: Gi\u1ea3i BAFTA Games cho Tr\u00f2 ch\u01a1i hay nh\u1ea5t \u00b7 Xem th\u00eam<br \/>\nGi\u1ea5y ph\u00e9p: gi\u1ea5y ph\u00e9p \u0111\u1ed9c quy\u1ec1n<br \/>\nNh\u1ea1c s\u0129: Mark Mothersbaugh, Wataru Hokoyama<br \/>\nTh\u1ec3 lo\u1ea1i: Tr\u00f2 ch\u01a1i n\u1ec1n t\u1ea3ng, Tr\u00f2 ch\u01a1i phi\u00eau l\u01b0u, B\u1eafn s\u00fang g\u00f3c nh\u00ecn th\u1ee9 ba, Phi\u00eau l\u01b0u<\/p>\n","protected":false},"excerpt":{"rendered":"<p>T\u00ecnh tr\u1ea1ng s\u1ea3n ph\u1ea9m: M\u1edbi 100% &#8211; nguy\u00ean seal &#8211; h\u1ec7 US<br \/>\n&#8212;&#8212;&#8212;&#8212;&#8212;&#8212;&#8211;<br \/>\nRatchet &#038; Clank: Rift Apart l\u00e0 m\u1ed9t tr\u00f2 ch\u01a1i b\u1eafn s\u00fang g\u00f3c nh\u00ecn th\u1ee9 ba tr\u00ean n\u1ec1n t\u1ea3ng n\u0103m 2021 do Insomniac Games ph\u00e1t tri\u1ec3n v\u00e0 Sony Interactive Entertainment ph\u00e1t h\u00e0nh. Ph\u1ea7n ti\u1ebfp theo c\u1ee7a Ratchet &#038; Clank: Into the Nexus v\u00e0 l\u00e0 ph\u1ea7n ch\u00ednh th\u1ee9 ch\u00edn trong lo\u1ea1t Ratchet &#038; Clank, tr\u00f2 ch\u01a1i \u0111\u01b0\u1ee3c ph\u00e1t h\u00e0nh cho PlayStation 5 v\u00e0o ng\u00e0y 11 th\u00e1ng 6 n\u0103m 2021.<\/p>\n<p>N\u1ec1n t\u1ea3ng: PlayStation 5, Microsoft Windows<br \/>\nNg\u00e0y ph\u00e1t h\u00e0nh ban \u0111\u1ea7u: 11 th\u00e1ng 6 n\u0103m 2021<br \/>\nGi\u1ea3i th\u01b0\u1edfng: Gi\u1ea3i Annie cho Th\u00e0nh t\u1ef1u xu\u1ea5t s\u1eafc v\u1ec1 Ho\u1ea1t h\u00ecnh nh\u00e2n v\u1eadt trong Tr\u00f2 ch\u01a1i \u0111i\u1ec7n t\u1eed \u00b7 Xem th\u00eam<br \/>\n\u0110\u1ec1 c\u1eed: Gi\u1ea3i BAFTA Games cho Tr\u00f2 ch\u01a1i hay nh\u1ea5t \u00b7 Xem th\u00eam<br \/>\nGi\u1ea5y ph\u00e9p: gi\u1ea5y ph\u00e9p \u0111\u1ed9c quy\u1ec1n<br \/>\nNh\u1ea1c s\u0129: Mark Mothersbaugh, Wataru Hokoyama<br \/>\nTh\u1ec3 lo\u1ea1i: Tr\u00f2 ch\u01a1i n\u1ec1n t\u1ea3ng, Tr\u00f2 ch\u01a1i phi\u00eau l\u01b0u, B\u1eafn s\u00fang g\u00f3c nh\u00ecn th\u1ee9 ba, Phi\u00eau l\u01b0u<\/p>\n","protected":false},"featured_media":6941,"template":"","meta":{"advanced_seo_description":"","jetpack_seo_html_title":"","jetpack_seo_noindex":false},"product_brand":[],"product_cat":[81,257],"product_tag":[103,104,109,258,259,108,107],"class_list":{"0":"post-6935","1":"product","2":"type-product","3":"status-publish","4":"has-post-thumbnail","6":"product_cat-playstation","7":"product_cat-dia-playstation-5","8":"product_tag-dia","9":"product_tag-game","10":"product_tag-playstation","11":"product_tag-playstation-5","12":"product_tag-ps5","13":"product_tag-sony","14":"product_tag-us","15":"pa_tinh-trang-san-pham-moi-100","16":"pa_tinh-trang-san-pham-likenew-moi-99-fullbox","17":"pa_tinh-trang-san-pham-likenew-moi-99-khong-box","19":"first","20":"instock","21":"shipping-taxable","22":"purchasable","23":"product-type-simple"},"jetpack_sharing_enabled":true,"_links":{"self":[{"href":"https:\/\/authstore.vn\/index.php?rest_route=\/wp\/v2\/product\/6935","targetHints":{"allow":["GET"]}}],"collection":[{"href":"https:\/\/authstore.vn\/index.php?rest_route=\/wp\/v2\/product"}],"about":[{"href":"https:\/\/authstore.vn\/index.php?rest_route=\/wp\/v2\/types\/product"}],"wp:featuredmedia":[{"embeddable":true,"href":"https:\/\/authstore.vn\/index.php?rest_route=\/wp\/v2\/media\/6941"}],"wp:attachment":[{"href":"https:\/\/authstore.vn\/index.php?rest_route=%2Fwp%2Fv2%2Fmedia&parent=6935"}],"wp:term":[{"taxonomy":"product_brand","embeddable":true,"href":"https:\/\/authstore.vn\/index.php?rest_route=%2Fwp%2Fv2%2Fproduct_brand&post=6935"},{"taxonomy":"product_cat","embeddable":true,"href":"https:\/\/authstore.vn\/index.php?rest_route=%2Fwp%2Fv2%2Fproduct_cat&post=6935"},{"taxonomy":"product_tag","embeddable":true,"href":"https:\/\/authstore.vn\/index.php?rest_route=%2Fwp%2Fv2%2Fproduct_tag&post=6935"}],"curies":[{"name":"wp","href":"https:\/\/api.w.org\/{rel}","templated":true}]}}